{"id":496,"date":"2025-11-04T17:39:44","date_gmt":"2025-11-04T17:39:44","guid":{"rendered":"https:\/\/homologacaoariete.com.br\/gestrado\/?page_id=496"},"modified":"2026-02-11T17:57:32","modified_gmt":"2026-02-11T17:57:32","slug":"educacao-e-comunicacao","status":"publish","type":"page","link":"https:\/\/homologacaoariete.com.br\/gestrado\/educacao-e-comunicacao\/","title":{"rendered":"Educa\u00e7\u00e3o e Comunica\u00e7\u00e3o"},"content":{"rendered":"\t\t<div data-elementor-type=\"wp-page\" data-elementor-id=\"496\" class=\"elementor elementor-496\" data-elementor-post-type=\"page\">\n\t\t\t\t<div data-dce-background-color=\"#831811\" class=\"elementor-element elementor-element-2068fe6 e-flex e-con-boxed e-con e-parent\" data-id=\"2068fe6\" data-element_type=\"container\" data-settings=\"{&quot;background_background&quot;:&quot;classic&quot;}\">\n\t\t\t\t\t<div class=\"e-con-inner\">\n\t\t<div data-dce-background-image-url=\"https:\/\/homologacaoariete.com.br\/gestrado\/wp-content\/uploads\/2025\/11\/Fundo-Capa.webp\" class=\"elementor-element elementor-element-c11fb44 e-con-full e-flex e-con e-child\" data-id=\"c11fb44\" data-element_type=\"container\" data-settings=\"{&quot;background_background&quot;:&quot;classic&quot;}\">\n\t\t\t\t<div data-dce-title-color=\"#616160\" class=\"elementor-element elementor-element-a9213c9 elementor-widget elementor-widget-heading\" data-id=\"a9213c9\" data-element_type=\"widget\" data-widget_type=\"heading.default\">\n\t\t\t\t\t<h2 class=\"elementor-heading-title elementor-size-default\">EDUCA\u00c7\u00c3O E COMUNICA\u00c7\u00c3O\n<\/h2>\t\t\t\t<\/div>\n\t\t\t\t<div class=\"elementor-element elementor-element-c360c15 elementor-widget-divider--view-line elementor-widget elementor-widget-divider\" data-id=\"c360c15\" data-element_type=\"widget\" data-widget_type=\"divider.default\">\n\t\t\t\t\t\t\t<div class=\"elementor-divider\">\n\t\t\t<span class=\"elementor-divider-separator\">\n\t\t\t\t\t\t<\/span>\n\t\t<\/div>\n\t\t\t\t\t\t<\/div>\n\t\t\t\t<\/div>\n\t\t\t\t\t<\/div>\n\t\t\t\t<\/div>\n\t\t<div class=\"elementor-element elementor-element-c790f02 e-flex e-con-boxed e-con e-parent\" data-id=\"c790f02\" data-element_type=\"container\">\n\t\t\t\t\t<div class=\"e-con-inner\">\n\t\t\t\t<div data-dce-text-color=\"#111111\" class=\"elementor-element elementor-element-c7a2623 elementor-widget elementor-widget-text-editor\" data-id=\"c7a2623\" data-element_type=\"widget\" data-widget_type=\"text-editor.default\">\n\t\t\t\t\t\t\t\t\t<p><strong>Coordena\u00e7\u00e3o:\u00a0<\/strong>Juliana de F\u00e1tima Souza (UFMG) e Ana Karina Oliveira (UFMG)<\/p><p>A Frente Educa\u00e7\u00e3o e Comunica\u00e7\u00e3o se dedica ao mapeamento da cobertura midi\u00e1tica sobre temas relacionados \u00e0 pol\u00edtica educacional e ao trabalho docente, com o objetivo de categorizar os atores mais influentes na forma\u00e7\u00e3o da opini\u00e3o p\u00fablica e na formula\u00e7\u00e3o de agendas, a partir de suas inser\u00e7\u00f5es na grande m\u00eddia. Al\u00e9m disso, busca ampliar e capacitar a participa\u00e7\u00e3o de pesquisadores acad\u00eamicos como mediadores do conhecimento sobre pol\u00edtica educacional e trabalho docente, tanto na m\u00eddia quanto junto ao p\u00fablico n\u00e3o especialista, desenvolvendo processos de socializa\u00e7\u00e3o cient\u00edfica e transfer\u00eancia de conhecimento de forma compreens\u00edvel, por meio de plataformas e outros produtos tecnol\u00f3gicos de acesso aberto.<\/p>\t\t\t\t\t\t\t\t<\/div>\n\t\t\t\t\t<\/div>\n\t\t\t\t<\/div>\n\t\t\t\t<\/div>\n\t\t","protected":false},"excerpt":{"rendered":"<p>EDUCA\u00c7\u00c3O E COMUNICA\u00c7\u00c3O Coordena\u00e7\u00e3o:\u00a0Juliana de F\u00e1tima Souza (UFMG) e Ana Karina Oliveira (UFMG) A Frente Educa\u00e7\u00e3o e Comunica\u00e7\u00e3o se dedica ao mapeamento da cobertura midi\u00e1tica sobre temas relacionados \u00e0 pol\u00edtica [&hellip;]<\/p>\n","protected":false},"author":1,"featured_media":0,"parent":0,"menu_order":0,"comment_status":"closed","ping_status":"closed","template":"","meta":{"_acf_changed":false,"footnotes":""},"class_list":["post-496","page","type-page","status-publish","hentry"],"acf":[],"_links":{"self":[{"href":"https:\/\/homologacaoariete.com.br\/gestrado\/wp-json\/wp\/v2\/pages\/496","targetHints":{"allow":["GET"]}}],"collection":[{"href":"https:\/\/homologacaoariete.com.br\/gestrado\/wp-json\/wp\/v2\/pages"}],"about":[{"href":"https:\/\/homologacaoariete.com.br\/gestrado\/wp-json\/wp\/v2\/types\/page"}],"author":[{"embeddable":true,"href":"https:\/\/homologacaoariete.com.br\/gestrado\/wp-json\/wp\/v2\/users\/1"}],"replies":[{"embeddable":true,"href":"https:\/\/homologacaoariete.com.br\/gestrado\/wp-json\/wp\/v2\/comments?post=496"}],"version-history":[{"count":13,"href":"https:\/\/homologacaoariete.com.br\/gestrado\/wp-json\/wp\/v2\/pages\/496\/revisions"}],"predecessor-version":[{"id":5241,"href":"https:\/\/homologacaoariete.com.br\/gestrado\/wp-json\/wp\/v2\/pages\/496\/revisions\/5241"}],"wp:attachment":[{"href":"https:\/\/homologacaoariete.com.br\/gestrado\/wp-json\/wp\/v2\/media?parent=496"}],"curies":[{"name":"wp","href":"https:\/\/api.w.org\/{rel}","templated":true}]}}